{"id":658,"date":"2023-08-05T12:41:16","date_gmt":"2023-08-05T12:41:16","guid":{"rendered":"https:\/\/themes.templatescoder.com\/pizzon\/wp\/demo-01\/?page_id=658"},"modified":"2025-03-20T15:36:28","modified_gmt":"2025-03-20T14:36:28","slug":"about-us","status":"publish","type":"page","link":"https:\/\/pat-a-pizza.com\/?page_id=658","title":{"rendered":"Vos \u00e9v\u00e8nements"},"content":{"rendered":"\t\t<div data-elementor-type=\"wp-page\" data-elementor-id=\"658\" class=\"elementor elementor-658\">\n\t\t\t\t\t\t<section class=\"elementor-section elementor-top-section elementor-element elementor-element-beafdeb elementor-section-boxed elementor-section-height-default elementor-section-height-default wpr-multicolor-no tmpcoder-sticky-section-no tmpcoder-particle-no\" data-id=\"beafdeb\" data-element_type=\"section\" data-settings=\"{&quot;background_background&quot;:&quot;classic&quot;}\">\n\t\t\t\t\t\t\t<div class=\"elementor-background-overlay\"><\/div>\n\t\t\t\t\t\t\t<div class=\"elementor-container elementor-column-gap-default\">\n\t\t\t\t\t<div class=\"elementor-column elementor-col-100 elementor-top-column elementor-element elementor-element-ea94425\" data-id=\"ea94425\" data-element_type=\"column\">\n\t\t\t<div class=\"elementor-widget-wrap elementor-element-populated\">\n\t\t\t\t\t\t<div class=\"elementor-element elementor-element-47b6502 elementor-widget elementor-widget-Breadcrumb\" data-id=\"47b6502\" data-element_type=\"widget\" data-widget_type=\"Breadcrumb.default\">\n\t\t\t\t<div class=\"elementor-widget-container\">\n\t\t\t\t\t\r\n        <div class=\"row\">\r\n            <div class=\"col-md-12\">\r\n                <div class=\"page-banner\">\r\n                                                \r\n                                <h2 class=\"sub-banner-title yes\">Vos \u00e9v\u00e8nements<\/h2>\r\n                                \r\n                <\/div>\r\n            <\/div>\r\n        <\/div>\r\n\r\n        \t\t\t\t<\/div>\n\t\t\t\t<\/div>\n\t\t\t\t\t<\/div>\n\t\t<\/div>\n\t\t\t\t\t<\/div>\n\t\t<\/section>\n\t\t\t\t<section class=\"elementor-section elementor-top-section elementor-element elementor-element-6ae0aa9 elementor-section-boxed elementor-section-height-default elementor-section-height-default wpr-multicolor-no tmpcoder-sticky-section-no tmpcoder-particle-no\" data-id=\"6ae0aa9\" data-element_type=\"section\">\n\t\t\t\t\t\t<div class=\"elementor-container elementor-column-gap-default\">\n\t\t\t\t\t<div class=\"elementor-column elementor-col-50 elementor-top-column elementor-element elementor-element-02de938\" data-id=\"02de938\" data-element_type=\"column\">\n\t\t\t<div class=\"elementor-widget-wrap elementor-element-populated\">\n\t\t\t\t\t\t<div class=\"elementor-element elementor-element-800705d elementor-widget elementor-widget-image\" data-id=\"800705d\" data-element_type=\"widget\" data-widget_type=\"image.default\">\n\t\t\t\t<div class=\"elementor-widget-container\">\n\t\t\t\t\t\t\t\t\t\t\t\t\t\t\t<img decoding=\"async\" src=\"https:\/\/pat-a-pizza.com\/wp-content\/uploads\/2025\/03\/484054652_122120182784749677_5580803586341092473_n.jpg\" title=\"484054652_122120182784749677_5580803586341092473_n\" alt=\"484054652_122120182784749677_5580803586341092473_n\" loading=\"lazy\" \/>\t\t\t\t\t\t\t\t\t\t\t\t\t\t\t<\/div>\n\t\t\t\t<\/div>\n\t\t\t\t\t<\/div>\n\t\t<\/div>\n\t\t\t\t<div class=\"elementor-column elementor-col-50 elementor-top-column elementor-element elementor-element-7bd2c87\" data-id=\"7bd2c87\" data-element_type=\"column\">\n\t\t\t<div class=\"elementor-widget-wrap elementor-element-populated\">\n\t\t\t\t\t\t<div class=\"elementor-element elementor-element-68aed43 elementor-widget elementor-widget-heading\" data-id=\"68aed43\" data-element_type=\"widget\" data-widget_type=\"heading.default\">\n\t\t\t\t<div class=\"elementor-widget-container\">\n\t\t\t\t\t<h4 class=\"elementor-heading-title elementor-size-default\">Food Truck<\/h4>\t\t\t\t<\/div>\n\t\t\t\t<\/div>\n\t\t\t\t<div class=\"elementor-element elementor-element-c6f0d79 elementor-widget elementor-widget-heading\" data-id=\"c6f0d79\" data-element_type=\"widget\" data-widget_type=\"heading.default\">\n\t\t\t\t<div class=\"elementor-widget-container\">\n\t\t\t\t\t<h2 class=\"elementor-heading-title elementor-size-default\">Vos \u00e9v\u00e8nements<\/h2>\t\t\t\t<\/div>\n\t\t\t\t<\/div>\n\t\t\t\t<div class=\"elementor-element elementor-element-b3aa932 elementor-widget elementor-widget-text-editor\" data-id=\"b3aa932\" data-element_type=\"widget\" data-widget_type=\"text-editor.default\">\n\t\t\t\t<div class=\"elementor-widget-container\">\n\t\t\t\t\t\t\t\t\t<p><span style=\"color: #215e99;\"><span style=\"font-size: x-large;\">Pat\u2019 a pizza <\/span><\/span><span style=\"font-size: x-large;\">met en avant les produits locaux du Ventoux pour les sublimer en pr\u00e9parant de succulente pizzas en travaillant avec les produits frais cultiv\u00e9 sur notre exploitation <\/span><span style=\"color: #e97132;\"><span style=\"font-size: x-large;\">\u00ab\u00a0Les Jardins d\u2019Emma et Lola\u00a0\u00bb <\/span><\/span><span style=\"font-size: x-large;\">ainsi celle des producteurs locaux.<\/span><\/p><p><span style=\"font-size: x-large;\">La qualit\u00e9 notre priorit\u00e9 avec des produits du terroir.<\/span><\/p><p><span style=\"font-size: x-large;\">Nous vous proposons aussi nos services d\u2019\u00e9v\u00e8nementiel avec notre stand sp\u00e9cialement con\u00e7u pour tous vos \u00e9v\u00e8nements. <\/span><\/p><p><span style=\"color: #156082;\"><span style=\"font-size: x-large;\">Pat \u2018a pizza <\/span><\/span><span style=\"font-size: x-large;\">est l\u00e0 pour vos bapt\u00eames, brunch, mariages, inauguration, pool party, baby shower, s\u00e9minaires d\u2019entreprise, anniversaire\u2026.<\/span><\/p>\t\t\t\t\t\t\t\t<\/div>\n\t\t\t\t<\/div>\n\t\t\t\t\t<\/div>\n\t\t<\/div>\n\t\t\t\t\t<\/div>\n\t\t<\/section>\n\t\t\t\t<section class=\"elementor-section elementor-top-section elementor-element elementor-element-738f595 elementor-section-boxed elementor-section-height-default elementor-section-height-default wpr-multicolor-no tmpcoder-sticky-section-no tmpcoder-particle-no\" data-id=\"738f595\" data-element_type=\"section\" data-settings=\"{&quot;background_background&quot;:&quot;classic&quot;}\">\n\t\t\t\t\t\t<div class=\"elementor-container elementor-column-gap-default\">\n\t\t\t\t\t<div class=\"elementor-column elementor-col-100 elementor-top-column elementor-element elementor-element-bf00b18\" data-id=\"bf00b18\" data-element_type=\"column\">\n\t\t\t<div class=\"elementor-widget-wrap elementor-element-populated\">\n\t\t\t\t\t\t<div class=\"elementor-element elementor-element-6806556 elementor-widget elementor-widget-heading\" data-id=\"6806556\" data-element_type=\"widget\" data-widget_type=\"heading.default\">\n\t\t\t\t<div class=\"elementor-widget-container\">\n\t\t\t\t\t<h4 class=\"elementor-heading-title elementor-size-default\">Ce qui rend unique nos pizzas\u00a0:<\/h4>\t\t\t\t<\/div>\n\t\t\t\t<\/div>\n\t\t\t\t<div class=\"elementor-element elementor-element-afdaa5a elementor-widget__width-initial elementor-widget elementor-widget-text-editor\" data-id=\"afdaa5a\" data-element_type=\"widget\" data-widget_type=\"text-editor.default\">\n\t\t\t\t<div class=\"elementor-widget-container\">\n\t\t\t\t\t\t\t\t\t<p><span style=\"font-size: x-large;\">\u00a0<\/span><\/p><p><span style=\"font-size: x-large;\">Notre <\/span><span style=\"color: #156082;\"><span style=\"font-size: x-large;\">Pat \u2019a pizza<\/span><\/span><span style=\"font-size: x-large;\"> comme un nuage. Elle est l\u00e9g\u00e8re, croustillante avec des rebords a\u00e9r\u00e9s. <\/span><\/p><p><span style=\"font-size: x-large;\">Nous la fabriquons et la travaillons \u00e0 la main.<\/span><\/p><p><span style=\"font-size: x-large;\">Notre secret\u00a0\u2026 Chut\u00a0! l\u2019amour de la p\u00e2te.<\/span><\/p><p><span style=\"font-size: x-large;\">Pr\u00e9par\u00e9 72 heures \u00e0 l\u2019avance pour une meilleure digestibilit\u00e9 et l\u00e9g\u00e8ret\u00e9. <\/span><\/p><p><span style=\"font-size: x-large;\">La p\u00e2te est fabriqu\u00e9e dans notre pizzeria \u00e0 MAZAN. <\/span><\/p><p><span style=\"font-size: x-large;\">Nous mettons tout en \u0153uvre \u00e0 utiliser des produits de notre exploitation ainsi que de producteurs locaux\u00a0: <\/span><\/p><p><span style=\"font-size: x-large;\">L\u00e9gumes frais, charcuterie artisanale du Ventoux, fromages fermiers, pour un gout inimitable.<\/span><\/p><p><span style=\"color: #156082;\"><span style=\"font-size: x-large;\">Pat \u2018a pizza <\/span><\/span><span style=\"color: #000000;\"><span style=\"font-size: x-large;\">ce sont des recettes authentiques et de saison, des pizzas type napolitaine revisit\u00e9s avec une touche de local, et des cr\u00e9ations originales qui changent selon la saison et les produits disponibles.<\/span><\/span><\/p><p><span style=\"color: #156082;\"><span style=\"font-size: x-large;\">Pat \u2018a pizza <\/span><\/span><span style=\"color: #000000;\"><span style=\"font-size: x-large;\">pour vos \u00e9v\u00e8nements ce sont des pizzas fraichement pr\u00e9par\u00e9, cuite sur place sur notre stand avec four mobile pour offrir une exp\u00e9rience conviviale et savoureuse \u00e0 vos invit\u00e9s.<\/span><\/span><\/p><p><span style=\"color: #000000;\"><span style=\"font-size: x-large;\">Chez <\/span><\/span><span style=\"color: #156082;\"><span style=\"font-size: x-large;\">Pat\u2019 a pizza, <\/span><\/span><span style=\"color: #000000;\"><span style=\"font-size: x-large;\">chaque pizza raconte une histoire, celle de notre passion pour la cuisine et notre terroir. <\/span><\/span><\/p>\t\t\t\t\t\t\t\t<\/div>\n\t\t\t\t<\/div>\n\t\t\t\t\t<\/div>\n\t\t<\/div>\n\t\t\t\t\t<\/div>\n\t\t<\/section>\n\t\t\t\t<\/div>\n\t\t","protected":false},"excerpt":{"rendered":"<p>Vos \u00e9v\u00e8nements Food Truck Vos \u00e9v\u00e8nements Pat\u2019 a pizza met en avant les produits locaux du Ventoux pour les sublimer en pr\u00e9parant de succulente pizzas en travaillant avec les produits frais cultiv\u00e9 sur notre exploitation \u00ab\u00a0Les Jardins d\u2019Emma et Lola\u00a0\u00bb ainsi celle des producteurs locaux. La qualit\u00e9 notre priorit\u00e9 avec des produits du terroir. Nous [&hellip;]<\/p>\n","protected":false},"author":1,"featured_media":0,"parent":0,"menu_order":0,"comment_status":"closed","ping_status":"closed","template":"elementor_header_footer","meta":{"footnotes":""},"class_list":["post-658","page","type-page","status-publish","hentry"],"_links":{"self":[{"href":"https:\/\/pat-a-pizza.com\/index.php?rest_route=\/wp\/v2\/pages\/658","targetHints":{"allow":["GET"]}}],"collection":[{"href":"https:\/\/pat-a-pizza.com\/index.php?rest_route=\/wp\/v2\/pages"}],"about":[{"href":"https:\/\/pat-a-pizza.com\/index.php?rest_route=\/wp\/v2\/types\/page"}],"author":[{"embeddable":true,"href":"https:\/\/pat-a-pizza.com\/index.php?rest_route=\/wp\/v2\/users\/1"}],"replies":[{"embeddable":true,"href":"https:\/\/pat-a-pizza.com\/index.php?rest_route=%2Fwp%2Fv2%2Fcomments&post=658"}],"version-history":[{"count":19,"href":"https:\/\/pat-a-pizza.com\/index.php?rest_route=\/wp\/v2\/pages\/658\/revisions"}],"predecessor-version":[{"id":1621,"href":"https:\/\/pat-a-pizza.com\/index.php?rest_route=\/wp\/v2\/pages\/658\/revisions\/1621"}],"wp:attachment":[{"href":"https:\/\/pat-a-pizza.com\/index.php?rest_route=%2Fwp%2Fv2%2Fmedia&parent=658"}],"curies":[{"name":"wp","href":"https:\/\/api.w.org\/{rel}","templated":true}]}}